{"id":65,"date":"2018-05-17T14:07:18","date_gmt":"2018-05-17T12:07:18","guid":{"rendered":"http:\/\/neu.provisus.it\/?page_id=65"},"modified":"2025-11-07T15:17:03","modified_gmt":"2025-11-07T14:17:03","slug":"imprint","status":"publish","type":"page","link":"https:\/\/www.provisus.it\/it\/imprint\/","title":{"rendered":"Colophon"},"content":{"rendered":"<div id=\"container\">\n<h1>Colophon<\/h1>\n<p><strong>Editore\u00a0e responsabile per i contenuti:<\/strong><\/p>\n<p><strong>PROVISUS\u00a0srl<\/strong><br \/>\nVia Josef Seeber 1<br \/>\nI-39031 Brunico (BZ)<br \/>\nT. +39 0474 830 940<br \/>\n<a href=\"mailto:info@provisus.it\">info@provisus.it<\/a><br \/>\n<span lang=\"IT\">Cod. fisc.\u00a0<\/span>+ part. IVA: 02862480213<br \/>\nPEC:\u00a0<a href=\"mailto:provisus@pec.it\" target=\"_blank\" rel=\"noopener noreferrer\"><span class=\"il\">provisus<\/span>@pec.it<\/a><br \/>\nCodice destinatario: 2H2LI53<br \/>\nREA: BZ &#8211; 211895<\/p>\n<p>Tutti i dati riportati sul questo sito sono stati accuratamente controllati. Ci\u00f2 nonostante non si assume alcuna responsabilit\u00e0 n\u00e9 si forniscono garanzie circa l\u2019esattezza, completezza e attualit\u00e0 dei dati. Questo vale, in particolare, per tutte le pagine web e siti esterni, ai quali si rimanda tramite collegamenti ipertestuali.<\/p>\n<p><strong>Immagini<\/strong>:<br \/>\nhttps:\/\/unsplash.com\/de<br \/>\nhttps:\/\/www.pexels.com\/de-de\/<br \/>\nhttps:\/\/pixabay.com\/<\/p>\n<\/div>\n","protected":false},"excerpt":{"rendered":"Colophon Editore\u00a0e responsabile per i contenuti: PROVISUS\u00a0srl Via Josef Seeber 1 I-39031 Brunico (BZ) T. +39 0474 830 940 info@provisus.it Cod. fisc.\u00a0+ part. IVA: 02862480213 PEC:\u00a0provisus@pec.it Codice destinatario: 2H2LI53 REA: BZ &#8211; 211895 Tutti i dati riportati sul questo sito sono stati accuratamente controllati. Ci\u00f2 nonostante non si assume alcuna responsabilit\u00e0 n\u00e9 si forniscono garanzie&#8230;","protected":false},"author":1,"featured_media":0,"parent":0,"menu_order":100,"comment_status":"closed","ping_status":"closed","template":"","meta":{"_acf_changed":false,"footnotes":""},"class_list":["post-65","page","type-page","status-publish","hentry"],"acf":[],"yoast_head":"<!-- This site is optimized with the Yoast SEO plugin v27.4 - https:\/\/yoast.com\/product\/yoast-seo-wordpress\/ -->\n<title>Colophon - proVisus<\/title>\n<meta name=\"robots\" content=\"index, follow, max-snippet:-1, max-image-preview:large, max-video-preview:-1\" \/>\n<link rel=\"canonical\" href=\"https:\/\/www.provisus.it\/it\/imprint\/\" \/>\n<meta property=\"og:locale\" content=\"it_IT\" \/>\n<meta property=\"og:type\" content=\"article\" \/>\n<meta property=\"og:title\" content=\"Colophon - proVisus\" \/>\n<meta property=\"og:description\" content=\"Colophon Editore\u00a0e responsabile per i contenuti: PROVISUS\u00a0srl Via Josef Seeber 1 I-39031 Brunico (BZ) T. +39 0474 830 940 info@provisus.it Cod. fisc.\u00a0+ part. IVA: 02862480213 PEC:\u00a0provisus@pec.it Codice destinatario: 2H2LI53 REA: BZ &#8211; 211895 Tutti i dati riportati sul questo sito sono stati accuratamente controllati. Ci\u00f2 nonostante non si assume alcuna responsabilit\u00e0 n\u00e9 si forniscono garanzie...\" \/>\n<meta property=\"og:url\" content=\"https:\/\/www.provisus.it\/it\/imprint\/\" \/>\n<meta property=\"og:site_name\" content=\"proVisus\" \/>\n<meta property=\"article:modified_time\" content=\"2025-11-07T14:17:03+00:00\" \/>\n<meta name=\"twitter:card\" content=\"summary_large_image\" \/>\n<meta name=\"twitter:label1\" content=\"Tempo di lettura stimato\" \/>\n\t<meta name=\"twitter:data1\" content=\"1 minuto\" \/>\n<script type=\"application\/ld+json\" class=\"yoast-schema-graph\">{\"@context\":\"https:\\\/\\\/schema.org\",\"@graph\":[{\"@type\":\"WebPage\",\"@id\":\"https:\\\/\\\/www.provisus.it\\\/it\\\/imprint\\\/\",\"url\":\"https:\\\/\\\/www.provisus.it\\\/it\\\/imprint\\\/\",\"name\":\"Colophon - proVisus\",\"isPartOf\":{\"@id\":\"https:\\\/\\\/www.provisus.it\\\/it\\\/#website\"},\"datePublished\":\"2018-05-17T12:07:18+00:00\",\"dateModified\":\"2025-11-07T14:17:03+00:00\",\"breadcrumb\":{\"@id\":\"https:\\\/\\\/www.provisus.it\\\/it\\\/imprint\\\/#breadcrumb\"},\"inLanguage\":\"it-IT\",\"potentialAction\":[{\"@type\":\"ReadAction\",\"target\":[\"https:\\\/\\\/www.provisus.it\\\/it\\\/imprint\\\/\"]}]},{\"@type\":\"BreadcrumbList\",\"@id\":\"https:\\\/\\\/www.provisus.it\\\/it\\\/imprint\\\/#breadcrumb\",\"itemListElement\":[{\"@type\":\"ListItem\",\"position\":1,\"name\":\"Startseite\",\"item\":\"https:\\\/\\\/www.provisus.it\\\/it\\\/\"},{\"@type\":\"ListItem\",\"position\":2,\"name\":\"Colophon\"}]},{\"@type\":\"WebSite\",\"@id\":\"https:\\\/\\\/www.provisus.it\\\/it\\\/#website\",\"url\":\"https:\\\/\\\/www.provisus.it\\\/it\\\/\",\"name\":\"proVisus\",\"description\":\"F\u00e4lligkeiten im Griff\",\"potentialAction\":[{\"@type\":\"SearchAction\",\"target\":{\"@type\":\"EntryPoint\",\"urlTemplate\":\"https:\\\/\\\/www.provisus.it\\\/it\\\/?s={search_term_string}\"},\"query-input\":{\"@type\":\"PropertyValueSpecification\",\"valueRequired\":true,\"valueName\":\"search_term_string\"}}],\"inLanguage\":\"it-IT\"}]}<\/script>\n<!-- \/ Yoast SEO plugin. -->","yoast_head_json":{"title":"Colophon - proVisus","robots":{"index":"index","follow":"follow","max-snippet":"max-snippet:-1","max-image-preview":"max-image-preview:large","max-video-preview":"max-video-preview:-1"},"canonical":"https:\/\/www.provisus.it\/it\/imprint\/","og_locale":"it_IT","og_type":"article","og_title":"Colophon - proVisus","og_description":"Colophon Editore\u00a0e responsabile per i contenuti: PROVISUS\u00a0srl Via Josef Seeber 1 I-39031 Brunico (BZ) T. +39 0474 830 940 info@provisus.it Cod. fisc.\u00a0+ part. IVA: 02862480213 PEC:\u00a0provisus@pec.it Codice destinatario: 2H2LI53 REA: BZ &#8211; 211895 Tutti i dati riportati sul questo sito sono stati accuratamente controllati. Ci\u00f2 nonostante non si assume alcuna responsabilit\u00e0 n\u00e9 si forniscono garanzie...","og_url":"https:\/\/www.provisus.it\/it\/imprint\/","og_site_name":"proVisus","article_modified_time":"2025-11-07T14:17:03+00:00","twitter_card":"summary_large_image","twitter_misc":{"Tempo di lettura stimato":"1 minuto"},"schema":{"@context":"https:\/\/schema.org","@graph":[{"@type":"WebPage","@id":"https:\/\/www.provisus.it\/it\/imprint\/","url":"https:\/\/www.provisus.it\/it\/imprint\/","name":"Colophon - proVisus","isPartOf":{"@id":"https:\/\/www.provisus.it\/it\/#website"},"datePublished":"2018-05-17T12:07:18+00:00","dateModified":"2025-11-07T14:17:03+00:00","breadcrumb":{"@id":"https:\/\/www.provisus.it\/it\/imprint\/#breadcrumb"},"inLanguage":"it-IT","potentialAction":[{"@type":"ReadAction","target":["https:\/\/www.provisus.it\/it\/imprint\/"]}]},{"@type":"BreadcrumbList","@id":"https:\/\/www.provisus.it\/it\/imprint\/#breadcrumb","itemListElement":[{"@type":"ListItem","position":1,"name":"Startseite","item":"https:\/\/www.provisus.it\/it\/"},{"@type":"ListItem","position":2,"name":"Colophon"}]},{"@type":"WebSite","@id":"https:\/\/www.provisus.it\/it\/#website","url":"https:\/\/www.provisus.it\/it\/","name":"proVisus","description":"F\u00e4lligkeiten im Griff","potentialAction":[{"@type":"SearchAction","target":{"@type":"EntryPoint","urlTemplate":"https:\/\/www.provisus.it\/it\/?s={search_term_string}"},"query-input":{"@type":"PropertyValueSpecification","valueRequired":true,"valueName":"search_term_string"}}],"inLanguage":"it-IT"}]}},"jetpack_sharing_enabled":true,"_links":{"self":[{"href":"https:\/\/www.provisus.it\/it\/wp-json\/wp\/v2\/pages\/65","targetHints":{"allow":["GET"]}}],"collection":[{"href":"https:\/\/www.provisus.it\/it\/wp-json\/wp\/v2\/pages"}],"about":[{"href":"https:\/\/www.provisus.it\/it\/wp-json\/wp\/v2\/types\/page"}],"author":[{"embeddable":true,"href":"https:\/\/www.provisus.it\/it\/wp-json\/wp\/v2\/users\/1"}],"replies":[{"embeddable":true,"href":"https:\/\/www.provisus.it\/it\/wp-json\/wp\/v2\/comments?post=65"}],"version-history":[{"count":6,"href":"https:\/\/www.provisus.it\/it\/wp-json\/wp\/v2\/pages\/65\/revisions"}],"predecessor-version":[{"id":10941,"href":"https:\/\/www.provisus.it\/it\/wp-json\/wp\/v2\/pages\/65\/revisions\/10941"}],"wp:attachment":[{"href":"https:\/\/www.provisus.it\/it\/wp-json\/wp\/v2\/media?parent=65"}],"curies":[{"name":"wp","href":"https:\/\/api.w.org\/{rel}","templated":true}]}}